{"id":29307,"date":"2022-09-06T15:53:09","date_gmt":"2022-09-06T13:53:09","guid":{"rendered":"https:\/\/keyneo.com\/espace-presse\/"},"modified":"2024-03-29T11:41:54","modified_gmt":"2024-03-29T10:41:54","slug":"media-contact","status":"publish","type":"page","link":"https:\/\/keyneo.ovh\/en\/media-contact\/","title":{"rendered":"Media contact"},"content":{"rendered":"\t\t<div data-elementor-type=\"wp-page\" data-elementor-id=\"29307\" class=\"elementor elementor-29307 elementor-24223\" data-elementor-post-type=\"page\">\n\t\t\t\t\t\t<section class=\"elementor-section elementor-top-section elementor-element elementor-element-98014b6 elementor-section-full_width elementor-section-height-default elementor-section-height-default\" data-id=\"98014b6\" data-element_type=\"section\">\n\t\t\t\t\t\t<div class=\"elementor-container elementor-column-gap-no\">\n\t\t\t\t\t<div class=\"elementor-column elementor-col-100 elementor-top-column elementor-element elementor-element-65565b7\" data-id=\"65565b7\" data-element_type=\"column\">\n\t\t\t<div class=\"elementor-widget-wrap elementor-element-populated\">\n\t\t\t\t\t\t<div class=\"elementor-element elementor-element-1df3bea elementor-widget elementor-widget-shortcode\" data-id=\"1df3bea\" data-element_type=\"widget\" data-widget_type=\"shortcode.default\">\n\t\t\t\t<div class=\"elementor-widget-container\">\n\t\t\t\t\t<div class=\"elementor-shortcode\">\t\t<div data-elementor-type=\"section\" data-elementor-id=\"29306\" class=\"elementor elementor-29306 elementor-1489\" data-elementor-post-type=\"elementor_library\">\n\t\t\t\t\t<section class=\"elementor-section elementor-top-section elementor-element elementor-element-3a08829 elementor-section-boxed elementor-section-height-default elementor-section-height-default\" data-id=\"3a08829\" data-element_type=\"section\" data-settings=\"{&quot;background_background&quot;:&quot;classic&quot;}\">\n\t\t\t\t\t\t<div class=\"elementor-container elementor-column-gap-default\">\n\t\t\t\t\t<div class=\"elementor-column elementor-col-100 elementor-top-column elementor-element elementor-element-e0ca696\" data-id=\"e0ca696\" data-element_type=\"column\">\n\t\t\t<div class=\"elementor-widget-wrap elementor-element-populated\">\n\t\t\t\t\t\t<div class=\"elementor-element elementor-element-c0899e3 elementor-widget__width-auto elementor-widget elementor-widget-breadcrumbs\" data-id=\"c0899e3\" data-element_type=\"widget\" data-widget_type=\"breadcrumbs.default\">\n\t\t\t\t<div class=\"elementor-widget-container\">\n\t\t\t<p id=\"breadcrumbs\"><span><span><a href=\"https:\/\/keyneo.ovh\/en\/\">Home<\/a><\/span><\/span><\/p>\t\t<\/div>\n\t\t\t\t<\/div>\n\t\t\t\t\t<\/div>\n\t\t<\/div>\n\t\t\t\t\t<\/div>\n\t\t<\/section>\n\t\t\t\t<\/div>\n\t\t<\/div>\n\t\t\t\t<\/div>\n\t\t\t\t<\/div>\n\t\t\t\t\t<\/div>\n\t\t<\/div>\n\t\t\t\t\t<\/div>\n\t\t<\/section>\n\t\t\t\t<section class=\"elementor-section elementor-top-section elementor-element elementor-element-37113ee elementor-section-boxed elementor-section-height-default elementor-section-height-default\" data-id=\"37113ee\" data-element_type=\"section\" data-settings=\"{&quot;background_background&quot;:&quot;classic&quot;}\">\n\t\t\t\t\t\t<div class=\"elementor-container elementor-column-gap-default\">\n\t\t\t\t\t<div class=\"elementor-column elementor-col-100 elementor-top-column elementor-element elementor-element-b2dd7ff\" data-id=\"b2dd7ff\" data-element_type=\"column\">\n\t\t\t<div class=\"elementor-widget-wrap elementor-element-populated\">\n\t\t\t\t\t\t<div class=\"elementor-element elementor-element-ab9bd85 elementor-widget elementor-widget-spacer\" data-id=\"ab9bd85\" data-element_type=\"widget\" data-widget_type=\"spacer.default\">\n\t\t\t\t<div class=\"elementor-widget-container\">\n\t\t\t\t\t<div class=\"elementor-spacer\">\n\t\t\t<div class=\"elementor-spacer-inner\"><\/div>\n\t\t<\/div>\n\t\t\t\t<\/div>\n\t\t\t\t<\/div>\n\t\t\t\t<div class=\"elementor-element elementor-element-6bd97ce elementor-widget__width-auto elementor-widget-mobile__width-auto KTitleH2 elementor-widget elementor-widget-heading\" data-id=\"6bd97ce\" data-element_type=\"widget\" data-widget_type=\"heading.default\">\n\t\t\t\t<div class=\"elementor-widget-container\">\n\t\t\t<h2 class=\"elementor-heading-title elementor-size-default\">Your privileged <b>contact<\/b><\/h2>\t\t<\/div>\n\t\t\t\t<\/div>\n\t\t\t\t<div class=\"elementor-element elementor-element-2cc347d elementor-widget elementor-widget-spacer\" data-id=\"2cc347d\" data-element_type=\"widget\" data-widget_type=\"spacer.default\">\n\t\t\t\t<div class=\"elementor-widget-container\">\n\t\t\t\t\t<div class=\"elementor-spacer\">\n\t\t\t<div class=\"elementor-spacer-inner\"><\/div>\n\t\t<\/div>\n\t\t\t\t<\/div>\n\t\t\t\t<\/div>\n\t\t\t\t\t<\/div>\n\t\t<\/div>\n\t\t\t\t\t<\/div>\n\t\t<\/section>\n\t\t\t\t<section class=\"elementor-section elementor-top-section elementor-element elementor-element-3c638b1 elementor-section-boxed elementor-section-height-default elementor-section-height-default\" data-id=\"3c638b1\" data-element_type=\"section\">\n\t\t\t\t\t\t<div class=\"elementor-container elementor-column-gap-default\">\n\t\t\t\t\t<div class=\"elementor-column elementor-col-100 elementor-top-column elementor-element elementor-element-71fd543\" data-id=\"71fd543\" data-element_type=\"column\">\n\t\t\t<div class=\"elementor-widget-wrap elementor-element-populated\">\n\t\t\t\t\t\t<div class=\"elementor-element elementor-element-63130ef elementor-position-top elementor-widget elementor-widget-image-box\" data-id=\"63130ef\" data-element_type=\"widget\" data-widget_type=\"image-box.default\">\n\t\t\t\t<div class=\"elementor-widget-container\">\n\t\t\t<div class=\"elementor-image-box-wrapper\"><figure class=\"elementor-image-box-img\"><img fetchpriority=\"high\" decoding=\"async\" width=\"500\" height=\"500\" src=\"https:\/\/keyneo.ovh\/wp-content\/uploads\/2022\/09\/aude-criqui.jpg\" class=\"attachment-full size-full wp-image-28240\" alt=\"\" srcset=\"https:\/\/keyneo.ovh\/wp-content\/uploads\/2022\/09\/aude-criqui.jpg 500w, https:\/\/keyneo.ovh\/wp-content\/uploads\/2022\/09\/aude-criqui-300x300.jpg 300w, https:\/\/keyneo.ovh\/wp-content\/uploads\/2022\/09\/aude-criqui-150x150.jpg 150w\" sizes=\"(max-width: 500px) 100vw, 500px\" \/><\/figure><div class=\"elementor-image-box-content\"><h3 class=\"elementor-image-box-title\">Aude Petit-Criqui<\/h3><p class=\"elementor-image-box-description\">Directrice marketing &amp; communication<br>\n<a style=\"color: inherit;\" href=\"mailto:acriqui@keyneo.com\"><span><u>acriqui@keyneo.com<\/u><\/span><\/a><br>+33 6 82 04 81 92<\/p><\/div><\/div>\t\t<\/div>\n\t\t\t\t<\/div>\n\t\t\t\t<div class=\"elementor-element elementor-element-00390e5 elementor-shape-rounded elementor-grid-0 e-grid-align-center elementor-widget elementor-widget-social-icons\" data-id=\"00390e5\" data-element_type=\"widget\" data-widget_type=\"social-icons.default\">\n\t\t\t\t<div class=\"elementor-widget-container\">\n\t\t\t\t\t<div class=\"elementor-social-icons-wrapper elementor-grid\">\n\t\t\t\t\t\t\t<span class=\"elementor-grid-item\">\n\t\t\t\t\t<a class=\"elementor-icon elementor-social-icon elementor-social-icon-linkedin elementor-repeater-item-0b6038f\" href=\"https:\/\/www.linkedin.com\/in\/audecriqui\/\" target=\"_blank\">\n\t\t\t\t\t\t<span class=\"elementor-screen-only\">Linkedin<\/span>\n\t\t\t\t\t\t<i class=\"fab fa-linkedin\"><\/i>\t\t\t\t\t<\/a>\n\t\t\t\t<\/span>\n\t\t\t\t\t<\/div>\n\t\t\t\t<\/div>\n\t\t\t\t<\/div>\n\t\t\t\t\t<\/div>\n\t\t<\/div>\n\t\t\t\t\t<\/div>\n\t\t<\/section>\n\t\t\t\t<\/div>\n\t\t","protected":false},"excerpt":{"rendered":"<p>Your privileged contact Aude Petit-Criqui Directrice marketing &amp; communication acriqui@keyneo.com+33 6 82 04 81 92 Linkedin<\/p>\n","protected":false},"author":1,"featured_media":0,"parent":0,"menu_order":0,"comment_status":"closed","ping_status":"closed","template":"page-templates\/template-pagebuilder-full-width.php","meta":{"_acf_changed":false,"neve_meta_sidebar":"","neve_meta_container":"","neve_meta_enable_content_width":"","neve_meta_content_width":0,"neve_meta_title_alignment":"","neve_meta_author_avatar":"","neve_post_elements_order":"","neve_meta_disable_header":"","neve_meta_disable_footer":"","neve_meta_disable_title":"","footnotes":""},"class_list":["post-29307","page","type-page","status-publish","hentry"],"acf":[],"yoast_head":"<!-- This site is optimized with the Yoast SEO plugin v27.3 - https:\/\/yoast.com\/product\/yoast-seo-wordpress\/ -->\n<title>Media contact - Keyneo Preprod<\/title>\n<meta name=\"description\" content=\"R\u00e9guli\u00e8rement, nous partageons nos publications sur les tendances retail \u00e0 travers le monde, sur les bons usages en mati\u00e8re d\u2019exp\u00e9rience...\" \/>\n<meta name=\"robots\" content=\"noindex, follow, max-snippet:-1, max-image-preview:large, max-video-preview:-1\" \/>\n<meta property=\"og:locale\" content=\"en_US\" \/>\n<meta property=\"og:type\" content=\"article\" \/>\n<meta property=\"og:title\" content=\"Media contact - Keyneo Preprod\" \/>\n<meta property=\"og:description\" content=\"R\u00e9guli\u00e8rement, nous partageons nos publications sur les tendances retail \u00e0 travers le monde, sur les bons usages en mati\u00e8re d\u2019exp\u00e9rience...\" \/>\n<meta property=\"og:url\" content=\"https:\/\/keyneo.ovh\/en\/media-contact\/\" \/>\n<meta property=\"og:site_name\" content=\"Keyneo Preprod\" \/>\n<meta property=\"article:modified_time\" content=\"2024-03-29T10:41:54+00:00\" \/>\n<meta property=\"og:image\" content=\"https:\/\/keyneo.ovh\/wp-content\/uploads\/2022\/09\/aude-criqui.jpg\" \/>\n<meta name=\"twitter:card\" content=\"summary_large_image\" \/>\n<meta name=\"twitter:label1\" content=\"Est. reading time\" \/>\n\t<meta name=\"twitter:data1\" content=\"1 minute\" \/>\n<script type=\"application\/ld+json\" class=\"yoast-schema-graph\">{\"@context\":\"https:\\\/\\\/schema.org\",\"@graph\":[{\"@type\":\"WebPage\",\"@id\":\"https:\\\/\\\/keyneo.ovh\\\/en\\\/media-contact\\\/\",\"url\":\"https:\\\/\\\/keyneo.ovh\\\/en\\\/media-contact\\\/\",\"name\":\"Media contact - Keyneo Preprod\",\"isPartOf\":{\"@id\":\"https:\\\/\\\/keyneo.ovh\\\/en\\\/#website\"},\"primaryImageOfPage\":{\"@id\":\"https:\\\/\\\/keyneo.ovh\\\/en\\\/media-contact\\\/#primaryimage\"},\"image\":{\"@id\":\"https:\\\/\\\/keyneo.ovh\\\/en\\\/media-contact\\\/#primaryimage\"},\"thumbnailUrl\":\"https:\\\/\\\/keyneo.ovh\\\/wp-content\\\/uploads\\\/2022\\\/09\\\/aude-criqui.jpg\",\"datePublished\":\"2022-09-06T13:53:09+00:00\",\"dateModified\":\"2024-03-29T10:41:54+00:00\",\"description\":\"R\u00e9guli\u00e8rement, nous partageons nos publications sur les tendances retail \u00e0 travers le monde, sur les bons usages en mati\u00e8re d\u2019exp\u00e9rience...\",\"breadcrumb\":{\"@id\":\"https:\\\/\\\/keyneo.ovh\\\/en\\\/media-contact\\\/#breadcrumb\"},\"inLanguage\":\"en-US\",\"potentialAction\":[{\"@type\":\"ReadAction\",\"target\":[\"https:\\\/\\\/keyneo.ovh\\\/en\\\/media-contact\\\/\"]}]},{\"@type\":\"ImageObject\",\"inLanguage\":\"en-US\",\"@id\":\"https:\\\/\\\/keyneo.ovh\\\/en\\\/media-contact\\\/#primaryimage\",\"url\":\"https:\\\/\\\/keyneo.ovh\\\/wp-content\\\/uploads\\\/2022\\\/09\\\/aude-criqui.jpg\",\"contentUrl\":\"https:\\\/\\\/keyneo.ovh\\\/wp-content\\\/uploads\\\/2022\\\/09\\\/aude-criqui.jpg\"},{\"@type\":\"BreadcrumbList\",\"@id\":\"https:\\\/\\\/keyneo.ovh\\\/en\\\/media-contact\\\/#breadcrumb\",\"itemListElement\":[{\"@type\":\"ListItem\",\"position\":1,\"name\":\"Home\",\"item\":\"https:\\\/\\\/keyneo.ovh\\\/en\\\/\"},{\"@type\":\"ListItem\",\"position\":2,\"name\":\"Media contact\"}]},{\"@type\":\"WebSite\",\"@id\":\"https:\\\/\\\/keyneo.ovh\\\/en\\\/#website\",\"url\":\"https:\\\/\\\/keyneo.ovh\\\/en\\\/\",\"name\":\"Keyneo Preprod\",\"description\":\"\",\"potentialAction\":[{\"@type\":\"SearchAction\",\"target\":{\"@type\":\"EntryPoint\",\"urlTemplate\":\"https:\\\/\\\/keyneo.ovh\\\/en\\\/?s={search_term_string}\"},\"query-input\":{\"@type\":\"PropertyValueSpecification\",\"valueRequired\":true,\"valueName\":\"search_term_string\"}}],\"inLanguage\":\"en-US\"}]}<\/script>\n<!-- \/ Yoast SEO plugin. -->","yoast_head_json":{"title":"Media contact - Keyneo Preprod","description":"R\u00e9guli\u00e8rement, nous partageons nos publications sur les tendances retail \u00e0 travers le monde, sur les bons usages en mati\u00e8re d\u2019exp\u00e9rience...","robots":{"index":"noindex","follow":"follow","max-snippet":"max-snippet:-1","max-image-preview":"max-image-preview:large","max-video-preview":"max-video-preview:-1"},"og_locale":"en_US","og_type":"article","og_title":"Media contact - Keyneo Preprod","og_description":"R\u00e9guli\u00e8rement, nous partageons nos publications sur les tendances retail \u00e0 travers le monde, sur les bons usages en mati\u00e8re d\u2019exp\u00e9rience...","og_url":"https:\/\/keyneo.ovh\/en\/media-contact\/","og_site_name":"Keyneo Preprod","article_modified_time":"2024-03-29T10:41:54+00:00","og_image":[{"url":"https:\/\/keyneo.ovh\/wp-content\/uploads\/2022\/09\/aude-criqui.jpg","type":"","width":"","height":""}],"twitter_card":"summary_large_image","twitter_misc":{"Est. reading time":"1 minute"},"schema":{"@context":"https:\/\/schema.org","@graph":[{"@type":"WebPage","@id":"https:\/\/keyneo.ovh\/en\/media-contact\/","url":"https:\/\/keyneo.ovh\/en\/media-contact\/","name":"Media contact - Keyneo Preprod","isPartOf":{"@id":"https:\/\/keyneo.ovh\/en\/#website"},"primaryImageOfPage":{"@id":"https:\/\/keyneo.ovh\/en\/media-contact\/#primaryimage"},"image":{"@id":"https:\/\/keyneo.ovh\/en\/media-contact\/#primaryimage"},"thumbnailUrl":"https:\/\/keyneo.ovh\/wp-content\/uploads\/2022\/09\/aude-criqui.jpg","datePublished":"2022-09-06T13:53:09+00:00","dateModified":"2024-03-29T10:41:54+00:00","description":"R\u00e9guli\u00e8rement, nous partageons nos publications sur les tendances retail \u00e0 travers le monde, sur les bons usages en mati\u00e8re d\u2019exp\u00e9rience...","breadcrumb":{"@id":"https:\/\/keyneo.ovh\/en\/media-contact\/#breadcrumb"},"inLanguage":"en-US","potentialAction":[{"@type":"ReadAction","target":["https:\/\/keyneo.ovh\/en\/media-contact\/"]}]},{"@type":"ImageObject","inLanguage":"en-US","@id":"https:\/\/keyneo.ovh\/en\/media-contact\/#primaryimage","url":"https:\/\/keyneo.ovh\/wp-content\/uploads\/2022\/09\/aude-criqui.jpg","contentUrl":"https:\/\/keyneo.ovh\/wp-content\/uploads\/2022\/09\/aude-criqui.jpg"},{"@type":"BreadcrumbList","@id":"https:\/\/keyneo.ovh\/en\/media-contact\/#breadcrumb","itemListElement":[{"@type":"ListItem","position":1,"name":"Home","item":"https:\/\/keyneo.ovh\/en\/"},{"@type":"ListItem","position":2,"name":"Media contact"}]},{"@type":"WebSite","@id":"https:\/\/keyneo.ovh\/en\/#website","url":"https:\/\/keyneo.ovh\/en\/","name":"Keyneo Preprod","description":"","potentialAction":[{"@type":"SearchAction","target":{"@type":"EntryPoint","urlTemplate":"https:\/\/keyneo.ovh\/en\/?s={search_term_string}"},"query-input":{"@type":"PropertyValueSpecification","valueRequired":true,"valueName":"search_term_string"}}],"inLanguage":"en-US"}]}},"_links":{"self":[{"href":"https:\/\/keyneo.ovh\/en\/wp-json\/wp\/v2\/pages\/29307","targetHints":{"allow":["GET"]}}],"collection":[{"href":"https:\/\/keyneo.ovh\/en\/wp-json\/wp\/v2\/pages"}],"about":[{"href":"https:\/\/keyneo.ovh\/en\/wp-json\/wp\/v2\/types\/page"}],"author":[{"embeddable":true,"href":"https:\/\/keyneo.ovh\/en\/wp-json\/wp\/v2\/users\/1"}],"replies":[{"embeddable":true,"href":"https:\/\/keyneo.ovh\/en\/wp-json\/wp\/v2\/comments?post=29307"}],"version-history":[{"count":18,"href":"https:\/\/keyneo.ovh\/en\/wp-json\/wp\/v2\/pages\/29307\/revisions"}],"predecessor-version":[{"id":29352,"href":"https:\/\/keyneo.ovh\/en\/wp-json\/wp\/v2\/pages\/29307\/revisions\/29352"}],"wp:attachment":[{"href":"https:\/\/keyneo.ovh\/en\/wp-json\/wp\/v2\/media?parent=29307"}],"curies":[{"name":"wp","href":"https:\/\/api.w.org\/{rel}","templated":true}]}}